{"id":331,"date":"2019-02-06T10:52:49","date_gmt":"2019-02-06T10:52:49","guid":{"rendered":"http:\/\/concerned-coyote.w5.wpsandbox.pro\/?page_id=331"},"modified":"2022-03-27T00:37:37","modified_gmt":"2022-03-27T06:37:37","slug":"blog","status":"publish","type":"page","link":"https:\/\/disenartcr.com\/?page_id=331","title":{"rendered":"Oferta de tiempo limitado!"},"content":{"rendered":"\n<p>En Dise\u00f1artCR estamos planteando m\u00e9todos para combatir la crisis econ\u00f3mica que est\u00e1 sufriendo el pa\u00eds.<\/p>\n\n\n\n<h4 class=\"wp-block-heading\">Queremos aportar un granito de arena a las PYMEs en el sector de Guanacaste Costa Rica&#8230; <\/h4>\n\n\n\n<p>Durante los pr\u00f3ximos meses estaremos ofreciendo a las compa\u00f1\u00edas o proyectos de emprendimiento el servicio de elaboraci\u00f3n y administraci\u00f3n de sus sitios web por costos realmente econ\u00f3micos, <strong>nuestro paquete incluye <\/strong>la creaci\u00f3n de correos empresariales, ligado de correos a ordenadores y dispositivos m\u00f3viles, tr\u00e1mites de Ministerio de Hacienda, tr\u00e1mites de elaboraci\u00f3n de cuentas de PayPal, creaci\u00f3n y ligado de perfiles en las redes sociales que considere conveniente y soporte de servicio al cliente 24\/7.<\/p>\n\n\n\n<p>Todo lo antes mencionado por un costo <strong>mensual de c25000<\/strong> (menos de c850 al d\u00eda) en contratos de 6, 9, 12 meses conservando la oferta por el tiempo de contrato.<\/p>\n\n\n\n<h4 class=\"wp-block-heading\">Que NO incluye el precio? Cu\u00e1les son las letras peque\u00f1as?<\/h4>\n\n\n\n<p>El precio NO incluye el costo del registro del Dominio (nombre de la p\u00e1gina) ni el Host (almacenamiento de la p\u00e1gina) ya que estos servicios son de contrataci\u00f3n anual y los precios del dominio pueden variar.<\/p>\n\n\n\n<p><strong>El dominio<\/strong> promedio puede costar $8.99 hasta m\u00e1s de los $3000 dependiendo de el nombre del sitio deseado<\/p>\n\n\n\n<p><strong>El Hosting<\/strong> para esta promoci\u00f3n lo brindamos a un costo de $45 durante el periodo total del contrato ya que utilizamos nuestros servidores.<\/p>\n\n\n\n<h2 class=\"wp-block-heading\">C\u00f3mo funciona?<\/h2>\n\n\n\n<p class=\"has-text-align-center\"><strong>El tr\u00e1mite de elaboraci\u00f3n del sitio puede tardar de 15 a 22 d\u00edas o m\u00e1s, seg\u00fan el cliente tarde en brindar la informaci\u00f3n completa y para iniciar el proceso se firma un contrato definiendo el costo de dominio, hosting y cantidad de mensualidades, cancelando de anticipaci\u00f3n el hosting+dominio+c25000 para empezar el proceso de elaboraci\u00f3n del sitio, una ves todo listo y el cliente contento con el contenido inician a contar los meses de contrato.<\/strong><\/p>\n\n\n\n<p class=\"has-text-align-center\"><span style=\"text-decoration: underline;\"> <strong>\u00c9sta promoci\u00f3n estar\u00e1 disponible por tiempo limitado, nos reservamos el derecho de acceso al servicio.<\/strong> <\/span><\/p>\n","protected":false},"excerpt":{"rendered":"<p>En Dise\u00f1artCR estamos planteando m\u00e9todos para combatir la crisis econ\u00f3mica que est\u00e1 sufriendo el pa\u00eds. Queremos aportar un granito de arena a las PYMEs en&hellip;<\/p>\n","protected":false},"author":1,"featured_media":0,"parent":0,"menu_order":0,"comment_status":"closed","ping_status":"closed","template":"","meta":{"spay_email":"","footnotes":""},"_links":{"self":[{"href":"https:\/\/disenartcr.com\/index.php?rest_route=\/wp\/v2\/pages\/331"}],"collection":[{"href":"https:\/\/disenartcr.com\/index.php?rest_route=\/wp\/v2\/pages"}],"about":[{"href":"https:\/\/disenartcr.com\/index.php?rest_route=\/wp\/v2\/types\/page"}],"author":[{"embeddable":true,"href":"https:\/\/disenartcr.com\/index.php?rest_route=\/wp\/v2\/users\/1"}],"replies":[{"embeddable":true,"href":"https:\/\/disenartcr.com\/index.php?rest_route=%2Fwp%2Fv2%2Fcomments&post=331"}],"version-history":[{"count":5,"href":"https:\/\/disenartcr.com\/index.php?rest_route=\/wp\/v2\/pages\/331\/revisions"}],"predecessor-version":[{"id":1405,"href":"https:\/\/disenartcr.com\/index.php?rest_route=\/wp\/v2\/pages\/331\/revisions\/1405"}],"wp:attachment":[{"href":"https:\/\/disenartcr.com\/index.php?rest_route=%2Fwp%2Fv2%2Fmedia&parent=331"}],"curies":[{"name":"wp","href":"https:\/\/api.w.org\/{rel}","templated":true}]}}